{"id":604,"date":"2013-02-08T15:51:13","date_gmt":"2013-02-08T15:51:13","guid":{"rendered":"http:\/\/arcs1800location.fr\/?page_id=604"},"modified":"2021-09-27T11:11:59","modified_gmt":"2021-09-27T11:11:59","slug":"tarifs-hiver-2013-2014","status":"publish","type":"page","link":"https:\/\/arcs1800location.fr\/?page_id=604","title":{"rendered":"TARIFS ET DISPONIBILIT\u00c9S HIVER 2021-2022"},"content":{"rendered":"<p><strong style=\"font-size: 1.5em;\"><em>Tarifs Hiver 2021 &#8211; 2022 :\u00a0<\/em><\/strong><\/p>\n<p>Vous trouverez ci-dessous le planning, mis \u00e0 jour r\u00e9guli\u00e8rement, des tarifs de location ainsi que les disponibilit\u00e9s, pour la saison hiver 2020-2021.<\/p>\n<p>Afin d\u2019\u00e9viter les bouchons, la location prend effet du DIMANCHE 16h30\u00a0 au DIMANCHE suivant 10h30.<\/p>\n<p>Sauf exception<\/p>\n<p>CES TARIFS INCLUENT :<\/p>\n<ul>\n<li>la location de l\u2019appartement,<\/li>\n<li>la jouissance d&rsquo;un cellier\/casier \u00e0 skis<\/li>\n<li>la mise \u00e0 disposition d\u2019une place de stationnement priv\u00e9e et couverte au parking des Villards ,<\/li>\n<li>l&rsquo;intervention de notre femme de m\u00e9nage en fin de s\u00e9jour <b>est comprise dans le prix<\/b><\/li>\n<li>connexion Internet haut d\u00e9bit<\/li>\n<\/ul>\n<p>CES TARIFS N&rsquo;INCLUENT PAS :<\/p>\n<ul>\n<li>la taxe de s\u00e9jour (1.5 euro par nuit par personne de plus de 12 ans)<\/li>\n<\/ul>\n<div><\/div>\n<div><\/div>\n<div>N\u2019h\u00e9sitez pas \u00e0\u00a0nous contacter\u00a0si vous souhaitez obtenir davantage d\u2019informations sur l\u2019appartement et les conditions de location.<\/div>\n<div><\/div>\n<div>Caution\u00a0 1500 euros (non encaiss\u00e9e)<\/div>\n<div><\/div>\n<table style=\"height: 1886px;\" border=\"0\">\n<tbody>\n<tr style=\"background-color: #f4f4f4;\">\n<td colspan=\"4\" valign=\"center\">\n<h2 style=\"text-align: center;\"><span style=\"color: #800080;\">\u00a0<\/span><\/h2>\n<h2 style=\"text-align: center;\"><span style=\"color: #800080;\"><strong>DECEMBRE 2021<\/strong><\/span><\/h2>\n<\/td>\n<\/tr>\n<tr style=\"background-color: #494949;\">\n<td style=\"text-align: center; width: 150px; height: 30px; background-color: #858585; border: 1px solid #858585;\"><span style=\"color: #800080;\"><strong>DATES<\/strong><\/span><\/td>\n<td style=\"text-align: center; width: 70px; height: 30px; background-color: #858585; border: 1px solid #858585;\"><span style=\"color: #800080;\"><strong>TARIFS<\/strong><\/span><\/td>\n<td style=\"text-align: center; width: 200px; height: 30px; background-color: #858585; border: 1px solid #858585;\"><span style=\"color: #800080;\"><strong>EVENEMENTS<\/strong><\/span><\/td>\n<td style=\"text-align: center; width: 140px; height: 30px; background-color: #858585; border: 1px solid #858585;\"><span style=\"color: #800080;\"><strong>ETAT<\/strong><\/span><\/td>\n<\/tr>\n<tr style=\"background-color: #cccccc;\">\n<td style=\"width: 120px; height: 25px; background-color: #cccccc; text-align: center; border: 1px solid #858585;\"><\/td>\n<td style=\"width: 70px; height: 25px; background-color: #cccccc; text-align: center; border: 1px solid #858585;\"><span style=\"color: #800080;\">\u00a0<\/span><\/td>\n<td style=\"width: 200px; height: 25px; background-color: #cccccc; text-align: center; border: 1px solid #858585;\"><span style=\"color: #800080;\"><strong>\u00a0<\/strong><\/span><\/td>\n<td style=\"width: 140px; height: 25px; background-color: #cccccc; text-align: center; border: 1px solid #858585;\"><span style=\"color: #800080;\">DISPONIBLE<\/span><\/td>\n<\/tr>\n<tr style=\"background-color: #cccccc;\">\n<td style=\"width: 120px; height: 25px; background-color: #cccccc; text-align: center; border: 1px solid #858585;\"><\/td>\n<td style=\"width: 70px; height: 25px; background-color: #cccccc; text-align: center; border: 1px solid #858585;\"><\/td>\n<td style=\"width: 200px; height: 25px; background-color: #cccccc; border: 1px solid #858585; text-align: center;\">Noel<\/td>\n<td style=\"width: 140px; height: 25px; background-color: #cccccc; text-align: center; border: 1px solid #858585;\"><span style=\"color: #ff0000;\">INDISPONIBLE<\/span><\/td>\n<\/tr>\n<tr style=\"background-color: #cccccc;\">\n<td style=\"width: 120px; height: 25px; background-color: #cccccc; text-align: center; border: 1px solid #858585;\"><\/td>\n<td style=\"width: 70px; height: 25px; background-color: #cccccc; text-align: center; border: 1px solid #858585;\"><\/td>\n<td style=\"width: 200px; height: 25px; background-color: #cccccc; text-align: center; border: 1px solid #858585;\"><span style=\"color: #ff0000;\"><strong>JOUR DE L AN<\/strong><\/span><\/td>\n<td style=\"width: 140px; height: 25px; background-color: #cccccc; text-align: center; border: 1px solid #858585;\"><span style=\"color: #ff0000;\">INDISPONIBLE<\/span><\/td>\n<\/tr>\n<tr style=\"background-color: #f4f4f4;\">\n<td colspan=\"4\" scope=\"row\" align=\"center\" valign=\"center\">\n<h2 style=\"text-align: center;\"><span style=\"color: #800080;\">\u00a0<\/span><\/h2>\n<h2 style=\"text-align: center;\"><span style=\"color: #800080;\"><strong>JANVIER 2022<\/strong><\/span><\/h2>\n<\/td>\n<\/tr>\n<tr style=\"background-color: #494949;\">\n<td style=\"text-align: center; width: 120px; height: 30px; background-color: #858585; border: 1px solid #858585;\" align=\"center\" valign=\"center\"><span style=\"color: #800080;\"><strong>DATES<\/strong><\/span><\/td>\n<td style=\"text-align: center; width: 70px; height: 30px; background-color: #858585; border: 1px solid #858585;\" align=\"center\" valign=\"center\"><span style=\"color: #800080;\"><strong>TARIFS<\/strong><\/span><\/td>\n<td style=\"text-align: center; width: 200px; height: 30px; background-color: #858585; border: 1px solid #858585;\" align=\"center\" valign=\"center\"><span style=\"color: #800080;\"><strong>EVENEMENTS<\/strong><\/span><\/td>\n<td style=\"text-align: center; width: 140px; height: 30px; background-color: #858585; border: 1px solid #858585;\" align=\"center\" valign=\"center\"><span style=\"color: #800080;\"><strong>ETAT<\/strong><\/span><\/td>\n<\/tr>\n<tr style=\"background-color: #cccccc;\">\n<td style=\"width: 120px; height: 25px; background-color: #cccccc; border: 1px solid #858585;\" align=\"center\" valign=\"center\"><span style=\"color: #800080;\"><strong>Du 02\/01\/2022<\/strong><\/span><br \/>\n<span style=\"color: #800080;\"> <strong> au 09\/01\/2022<\/strong><\/span><\/td>\n<td style=\"width: 70px; height: 25px; background-color: #cccccc; border: 1px solid #858585;\" align=\"center\" valign=\"center\"><span style=\"color: #800080;\">\u00a01690<\/span><\/td>\n<td style=\"width: 200px; height: 25px; background-color: #cccccc; border: 1px solid #858585;\" align=\"center\" valign=\"center\"><span style=\"color: #800080;\"><strong>\u00a0<\/strong><\/span><\/td>\n<td style=\"width: 140px; height: 25px; background-color: #cccccc; border: 1px solid #858585;\" align=\"center\" valign=\"center\"><span style=\"color: #800080;\">DISPONIBLE<\/span><\/td>\n<\/tr>\n<tr style=\"background-color: #cccccc;\">\n<td style=\"width: 120px; height: 25px; background-color: #cccccc; border: 1px solid #858585;\" align=\"center\" valign=\"center\"><span style=\"color: #800080;\"><strong>Du 09\/01\/2022<\/strong><\/span><br \/>\n<span style=\"color: #800080;\"> <strong> au 16\/01\/2022<\/strong><\/span><\/td>\n<td style=\"width: 70px; height: 25px; background-color: #cccccc; border: 1px solid #858585;\" align=\"center\" valign=\"center\"><span style=\"color: #800080;\">\u00a01690<\/span><\/td>\n<td style=\"width: 200px; height: 25px; background-color: #cccccc; border: 1px solid #858585;\" align=\"center\" valign=\"center\"><span style=\"color: #800080;\"><strong>\u00a0<\/strong><\/span><\/td>\n<td style=\"width: 140px; height: 25px; background-color: #cccccc; border: 1px solid #858585;\" align=\"center\" valign=\"center\"><span style=\"color: #800080;\">DISPONIBLE<\/span><\/td>\n<\/tr>\n<tr style=\"background-color: #cccccc;\">\n<td style=\"width: 120px; height: 25px; background-color: #cccccc; border: 1px solid #858585;\" align=\"center\" valign=\"center\"><span style=\"color: #800080;\"><strong>Du 16\/01\/2022<\/strong><\/span><br \/>\n<span style=\"color: #800080;\"> <strong> au 23\/01\/2022<\/strong><\/span><\/td>\n<td style=\"width: 70px; height: 25px; background-color: #cccccc; border: 1px solid #858585;\" align=\"center\" valign=\"center\"><span style=\"color: #800080;\">1690<\/span><\/td>\n<td style=\"width: 200px; height: 25px; background-color: #cccccc; border: 1px solid #858585;\" align=\"center\" valign=\"center\"><span style=\"color: #800080;\"><strong>\u00a0<\/strong><\/span><\/td>\n<td style=\"width: 140px; height: 25px; background-color: #cccccc; border: 1px solid #858585;\" align=\"center\" valign=\"center\"><span style=\"color: #800080;\">DISPONIBLE<\/span><\/td>\n<\/tr>\n<tr style=\"background-color: #cccccc;\">\n<td style=\"width: 120px; height: 25px; background-color: #cccccc; border: 1px solid #858585;\" align=\"center\" valign=\"center\"><span style=\"color: #800080;\"><strong>Du 23\/01\/2022<\/strong><\/span><br \/>\n<span style=\"color: #800080;\"> <strong> au 30\/01\/2022<\/strong><\/span><\/td>\n<td style=\"width: 70px; height: 25px; background-color: #cccccc; border: 1px solid #858585;\" align=\"center\" valign=\"center\"><span style=\"color: #800080;\">\u00a01690<\/span><\/td>\n<td style=\"width: 200px; height: 25px; background-color: #cccccc; border: 1px solid #858585;\" align=\"center\" valign=\"center\"><span style=\"color: #800080;\"><strong>\u00a0<\/strong><\/span><\/td>\n<td style=\"width: 140px; height: 25px; background-color: #cccccc; border: 1px solid #858585;\" align=\"center\" valign=\"center\"><span style=\"color: #800080;\">DISPONIBLE<\/span><\/td>\n<\/tr>\n<tr style=\"background-color: #f4f4f4;\">\n<td colspan=\"4\">\n<h2 style=\"text-align: center;\"><span style=\"color: #800080;\">\u00a0<\/span><\/h2>\n<h2 style=\"text-align: center;\"><span style=\"color: #800080;\"><strong>FEVRIER 2022<\/strong><\/span><\/h2>\n<\/td>\n<\/tr>\n<tr style=\"background-color: #494949;\">\n<td style=\"text-align: center; width: 120px; height: 30px; background-color: #858585; border: 1px solid #858585;\" align=\"center\" valign=\"center\"><span style=\"color: #800080;\"><strong>DATES<\/strong><\/span><\/td>\n<td style=\"text-align: center; width: 70px; height: 30px; background-color: #858585; border: 1px solid #858585;\" align=\"center\" valign=\"center\"><span style=\"color: #800080;\"><strong>TARIFS<\/strong><\/span><\/td>\n<td style=\"text-align: center; width: 200px; height: 30px; background-color: #858585; border: 1px solid #858585;\" align=\"center\" valign=\"center\"><span style=\"color: #800080;\"><strong>EVENEMENTS<\/strong><\/span><\/td>\n<td style=\"text-align: center; width: 140px; height: 30px; background-color: #858585; border: 1px solid #858585;\" align=\"center\" valign=\"center\"><span style=\"color: #800080;\"><strong>ETAT<\/strong><\/span><\/td>\n<\/tr>\n<tr style=\"background-color: #cccccc;\">\n<td style=\"width: 120px; height: 25px; background-color: #cccccc; border: 1px solid #858585;\" align=\"center\" valign=\"center\"><span style=\"color: #800080;\"><strong>Du 30\/01\/2022<\/strong><\/span><br \/>\n<span style=\"color: #800080;\"> <strong> au 06\/02\/2022<\/strong><\/span><\/td>\n<td style=\"width: 70px; height: 25px; background-color: #cccccc; border: 1px solid #858585;\" align=\"center\" valign=\"center\">1790<\/td>\n<td style=\"width: 200px; height: 25px; background-color: #cccccc; border: 1px solid #858585;\" align=\"center\" valign=\"center\"><span style=\"color: #800080;\"><strong>\u00a0<\/strong><\/span><\/td>\n<td style=\"width: 140px; height: 25px; background-color: #cccccc; border: 1px solid #858585;\" align=\"center\" valign=\"center\"><span style=\"color: #800080;\">DISPONIBLE<\/span><\/td>\n<\/tr>\n<tr style=\"background-color: #cccccc;\">\n<td style=\"width: 120px; height: 25px; background-color: #cccccc; border: 1px solid #858585;\" align=\"center\" valign=\"center\"><\/td>\n<td style=\"width: 70px; height: 25px; background-color: #cccccc; border: 1px solid #858585;\" align=\"center\" valign=\"center\"><\/td>\n<td style=\"width: 200px; height: 25px; background-color: #cccccc; border: 1px solid #858585;\" align=\"center\" valign=\"center\"><span style=\"color: #800080;\"><strong>\u00a0<\/strong><\/span><\/td>\n<td style=\"width: 140px; height: 25px; background-color: #cccccc; border: 1px solid #858585;\" align=\"center\" valign=\"center\"><span style=\"color: #ff0000;\">INDISPONIBLE<\/span><\/td>\n<\/tr>\n<tr style=\"background-color: #cccccc;\">\n<td style=\"width: 120px; height: 25px; background-color: #cccccc; border: 1px solid #858585;\" align=\"center\" valign=\"center\"><\/td>\n<td style=\"width: 70px; height: 25px; background-color: #cccccc; border: 1px solid #858585;\" align=\"center\" valign=\"center\"><\/td>\n<td style=\"width: 200px; height: 25px; background-color: #cccccc; border: 1px solid #858585;\" align=\"center\" valign=\"center\"><\/td>\n<td style=\"width: 140px; height: 25px; background-color: #cccccc; border: 1px solid #858585;\" align=\"center\" valign=\"center\"><span style=\"color: #ff0000;\">INDISPONIBLE<\/span><\/td>\n<\/tr>\n<tr style=\"background-color: #cccccc;\">\n<td style=\"width: 120px; height: 25px; background-color: #cccccc; border: 1px solid #858585;\" align=\"center\" valign=\"center\"><\/td>\n<td style=\"width: 70px; height: 25px; background-color: #cccccc; border: 1px solid #858585;\" align=\"center\" valign=\"center\"><\/td>\n<td style=\"width: 200px; height: 25px; background-color: #cccccc; border: 1px solid #858585;\" align=\"center\" valign=\"center\"><span style=\"color: #ff0000;\"><strong>\u00a0<\/strong><\/span><\/td>\n<td style=\"width: 140px; height: 25px; background-color: #cccccc; border: 1px solid #858585;\" align=\"center\" valign=\"center\"><span style=\"color: #ff0000;\">INDISPONIBLE<\/span><\/td>\n<\/tr>\n<tr style=\"background-color: #f4f4f4;\">\n<td colspan=\"4\">\n<h2 style=\"text-align: center;\"><span style=\"color: #800080;\">\u00a0<\/span><\/h2>\n<h2 style=\"text-align: center;\"><span style=\"color: #800080;\"><strong>MARS 2022<\/strong><\/span><\/h2>\n<\/td>\n<\/tr>\n<tr style=\"background-color: #494949;\">\n<td style=\"text-align: center; width: 120px; height: 30px; background-color: #858585; border: 1px solid #858585;\" align=\"center\" valign=\"center\"><span style=\"color: #800080;\"><strong>DATES<\/strong><\/span><\/td>\n<td style=\"text-align: center; width: 70px; height: 30px; background-color: #858585; border: 1px solid #858585;\" align=\"center\" valign=\"center\"><span style=\"color: #800080;\"><strong>TARIFS<\/strong><\/span><\/td>\n<td style=\"text-align: center; width: 200px; height: 30px; background-color: #858585; border: 1px solid #858585;\" align=\"center\" valign=\"center\"><span style=\"color: #800080;\"><strong>EVENEMENTS<\/strong><\/span><\/td>\n<td style=\"text-align: center; width: 140px; height: 30px; background-color: #858585; border: 1px solid #858585;\" align=\"center\" valign=\"center\"><span style=\"color: #800080;\"><strong>ETAT<\/strong><\/span><\/td>\n<\/tr>\n<tr style=\"background-color: #cccccc;\">\n<td style=\"width: 120px; height: 25px; background-color: #cccccc; border: 1px solid #858585;\" align=\"center\" valign=\"center\"><\/td>\n<td style=\"width: 70px; height: 25px; background-color: #cccccc; border: 1px solid #858585;\" align=\"center\" valign=\"center\"><\/td>\n<td style=\"width: 200px; height: 25px; background-color: #cccccc; border: 1px solid #858585;\" align=\"center\" valign=\"center\"><span style=\"color: #ff0000;\"><strong>\u00a0<\/strong><\/span><\/td>\n<td style=\"width: 140px; height: 25px; background-color: #cccccc; border: 1px solid #858585;\" align=\"center\" valign=\"center\"><span style=\"color: #ff0000;\">INDISPONIBLE<\/span><\/td>\n<\/tr>\n<tr style=\"background-color: #cccccc;\">\n<td style=\"width: 120px; height: 25px; background-color: #cccccc; border: 1px solid #858585;\" align=\"center\" valign=\"center\"><span style=\"color: #800080;\"><strong>Du20\/03\/2022<\/strong><\/span><br \/>\n<span style=\"color: #800080;\"> <strong> au27\/03\/2022<\/strong><\/span><\/td>\n<td style=\"width: 70px; height: 25px; background-color: #cccccc; border: 1px solid #858585;\" align=\"center\" valign=\"center\">1790<\/td>\n<td style=\"width: 200px; height: 25px; background-color: #cccccc; border: 1px solid #858585;\" align=\"center\" valign=\"center\"><span style=\"color: #800080;\"><strong>\u00a0<\/strong><\/span><\/td>\n<td style=\"width: 140px; height: 25px; background-color: #cccccc; border: 1px solid #858585;\" align=\"center\" valign=\"center\"><span style=\"color: #800080;\">DISPONIBLE<\/span><\/td>\n<\/tr>\n<tr style=\"background-color: #cccccc;\">\n<td style=\"width: 120px; height: 25px; background-color: #cccccc; border: 1px solid #858585;\" align=\"center\" valign=\"center\"><span style=\"color: #800080;\"><strong>Du 27\/03\/2022<\/strong><\/span><br \/>\n<span style=\"color: #800080;\"> <strong> au 03\/04\/2022<\/strong><\/span><\/td>\n<td style=\"width: 70px; height: 25px; background-color: #cccccc; border: 1px solid #858585;\" align=\"center\" valign=\"center\"><span style=\"color: #800080;\"><strong>\u00a01790<\/strong><\/span><\/td>\n<td style=\"width: 200px; height: 25px; background-color: #cccccc; border: 1px solid #858585;\" align=\"center\" valign=\"center\"><span style=\"color: #800080;\"><strong>\u00a0<\/strong><\/span><\/td>\n<td style=\"width: 140px; height: 25px; background-color: #cccccc; border: 1px solid #858585;\" align=\"center\" valign=\"center\"><span style=\"color: #800080;\">DISPONIBLE<\/span><\/td>\n<\/tr>\n<tr style=\"background-color: #cccccc;\">\n<td style=\"width: 120px; height: 25px; background-color: #cccccc; border: 1px solid #858585;\" align=\"center\" valign=\"center\"><\/td>\n<td style=\"width: 70px; height: 25px; background-color: #cccccc; border: 1px solid #858585;\" align=\"center\" valign=\"center\"><\/td>\n<td style=\"width: 200px; height: 25px; background-color: #cccccc; border: 1px solid #858585;\" align=\"center\" valign=\"center\"><span style=\"color: #800080;\"><strong>\u00a0<\/strong><\/span><\/td>\n<td style=\"width: 140px; height: 25px; background-color: #cccccc; border: 1px solid #858585;\" align=\"center\" valign=\"center\"><\/td>\n<\/tr>\n<tr style=\"background-color: #f4f4f4;\">\n<td colspan=\"4\">\n<h2 style=\"text-align: center;\"><span style=\"color: #800080;\">\u00a0<\/span><\/h2>\n<h2 style=\"text-align: center;\"><span style=\"color: #800080;\"><strong>AVRIL 2022<\/strong><\/span><\/h2>\n<\/td>\n<\/tr>\n<tr style=\"background-color: #494949;\">\n<td style=\"text-align: center; width: 120px; height: 30px; background-color: #858585; border: 1px solid #858585;\" align=\"center\"><span style=\"color: #800080;\"><strong>DATES<\/strong><\/span><\/td>\n<td style=\"text-align: center; width: 70px; height: 25px; background-color: #858585; border: 1px solid #858585;\" align=\"center\" valign=\"center\"><span style=\"color: #800080;\"><strong>TARIFS<\/strong><\/span><\/td>\n<td style=\"text-align: center; width: 200px; height: 25px; background-color: #858585; border: 1px solid #858585;\" align=\"center\" valign=\"center\"><span style=\"color: #800080;\"><strong>EVENEMENTS<\/strong><\/span><\/td>\n<td style=\"text-align: center; width: 140px; height: 25px; background-color: #858585; border: 1px solid #858585;\" align=\"center\" valign=\"center\"><span style=\"color: #800080;\"><strong>ETAT<\/strong><\/span><\/td>\n<\/tr>\n<tr style=\"background-color: #cccccc;\">\n<td style=\"width: 120px; height: 25px; background-color: #cccccc; border: 1px solid #858585;\" align=\"center\" valign=\"center\"><span style=\"color: #800080;\"><strong>Du 03\/04\/2022<\/strong><\/span><br \/>\n<span style=\"color: #800080;\"> <strong> au 10\/04\/2022<\/strong><\/span><\/td>\n<td style=\"width: 70px; height: 25px; background-color: #cccccc; border: 1px solid #858585;\" align=\"center\" valign=\"center\">1790<\/td>\n<td style=\"width: 200px; height: 25px; background-color: #cccccc; border: 1px solid #858585;\" align=\"center\" valign=\"center\"><span style=\"color: #800080;\"><strong>\u00a0<\/strong><\/span><\/td>\n<td style=\"width: 140px; height: 25px; background-color: #cccccc; border: 1px solid #858585;\" align=\"center\" valign=\"center\"><span style=\"color: #800080;\"><b>DISPONIBLE<\/b><\/span><\/td>\n<\/tr>\n<tr style=\"background-color: #cccccc;\">\n<td style=\"width: 120px; height: 25px; background-color: #cccccc; border: 1px solid #858585;\" align=\"center\" valign=\"center\"><span style=\"color: #800080;\"><strong>Du 10\/04\/2022<\/strong><\/span><br \/>\n<span style=\"color: #800080;\"> <strong> au 17\/04\/2022<\/strong><\/span><\/td>\n<td style=\"width: 70px; height: 25px; background-color: #cccccc; border: 1px solid #858585;\" align=\"center\" valign=\"center\"><span style=\"color: #800080;\">\u00a01790<\/span><\/td>\n<td style=\"width: 200px; height: 25px; background-color: #cccccc; border: 1px solid #858585;\" align=\"center\" valign=\"center\"><span style=\"color: #800080;\"><strong>\u00a0<\/strong><\/span><\/td>\n<td style=\"width: 140px; height: 25px; background-color: #cccccc; border: 1px solid #858585;\" align=\"center\" valign=\"center\"><span style=\"color: #800080;\"><strong>DISPONIBLE<\/strong><\/span><\/td>\n<\/tr>\n<tr style=\"background-color: #cccccc;\">\n<td style=\"width: 120px; height: 25px; background-color: #cccccc; border: 1px solid #858585;\" align=\"center\" valign=\"center\"><span style=\"color: #800080;\"><strong>Du 17\/04\/2022<\/strong><\/span><br \/>\n<span style=\"color: #800080;\"> <strong> au 24\/04\/2022<\/strong><\/span><\/td>\n<td style=\"width: 70px; height: 25px; background-color: #cccccc; border: 1px solid #858585;\" align=\"center\" valign=\"center\"><span style=\"color: #800080;\">\u00a01890<\/span><\/td>\n<td style=\"width: 200px; height: 25px; background-color: #cccccc; border: 1px solid #858585;\" align=\"center\" valign=\"center\"><span style=\"color: #800080;\"><strong>VACANCES SCOLAIRES\u00a0<\/strong><\/span><\/td>\n<td style=\"width: 140px; height: 25px; background-color: #cccccc; border: 1px solid #858585;\" align=\"center\" valign=\"center\"><span style=\"color: #800080;\"><strong>OPTION<\/strong><\/span><\/td>\n<\/tr>\n<tr style=\"background-color: #cccccc;\">\n<td style=\"width: 120px; height: 25px; background-color: #cccccc; border: 1px solid #858585;\" align=\"center\" valign=\"center\"><span style=\"color: #800080;\"><strong>Du 24\/04\/2021<\/strong><\/span><\/td>\n<td style=\"width: 70px; height: 25px; background-color: #cccccc; border: 1px solid #858585;\" align=\"center\" valign=\"center\"><span style=\"color: #800080;\"><strong>1770<\/strong><\/span><\/td>\n<td style=\"width: 200px; height: 25px; background-color: #cccccc; border: 1px solid #858585;\" align=\"center\" valign=\"center\"><span style=\"color: #800080;\"><strong> <strong>VACANCES SCOLAIRES \u00a0<\/strong><\/strong><\/span><\/td>\n<td style=\"width: 140px; height: 25px; background-color: #cccccc; border: 1px solid #858585;\" align=\"center\" valign=\"center\"><span style=\"color: #800080;\"><strong>OPTION<\/strong><\/span><\/td>\n<\/tr>\n<\/tbody>\n<\/table>\n","protected":false},"excerpt":{"rendered":"<p>Tarifs Hiver 2021 &#8211; 2022 :\u00a0 Vous trouverez ci-dessous le planning, mis \u00e0 jour r\u00e9guli\u00e8rement, des tarifs de location ainsi [&hellip;]<\/p>\n","protected":false},"author":1,"featured_media":0,"parent":105,"menu_order":0,"comment_status":"open","ping_status":"closed","template":"","meta":{"footnotes":""},"class_list":["post-604","page","type-page","status-publish","hentry"],"_links":{"self":[{"href":"https:\/\/arcs1800location.fr\/index.php?rest_route=\/wp\/v2\/pages\/604","targetHints":{"allow":["GET"]}}],"collection":[{"href":"https:\/\/arcs1800location.fr\/index.php?rest_route=\/wp\/v2\/pages"}],"about":[{"href":"https:\/\/arcs1800location.fr\/index.php?rest_route=\/wp\/v2\/types\/page"}],"author":[{"embeddable":true,"href":"https:\/\/arcs1800location.fr\/index.php?rest_route=\/wp\/v2\/users\/1"}],"replies":[{"embeddable":true,"href":"https:\/\/arcs1800location.fr\/index.php?rest_route=%2Fwp%2Fv2%2Fcomments&post=604"}],"version-history":[{"count":204,"href":"https:\/\/arcs1800location.fr\/index.php?rest_route=\/wp\/v2\/pages\/604\/revisions"}],"predecessor-version":[{"id":1216,"href":"https:\/\/arcs1800location.fr\/index.php?rest_route=\/wp\/v2\/pages\/604\/revisions\/1216"}],"up":[{"embeddable":true,"href":"https:\/\/arcs1800location.fr\/index.php?rest_route=\/wp\/v2\/pages\/105"}],"wp:attachment":[{"href":"https:\/\/arcs1800location.fr\/index.php?rest_route=%2Fwp%2Fv2%2Fmedia&parent=604"}],"curies":[{"name":"wp","href":"https:\/\/api.w.org\/{rel}","templated":true}]}}