{"id":109,"date":"2012-06-08T17:29:06","date_gmt":"2012-06-08T17:29:06","guid":{"rendered":"http:\/\/arcs1800location.fr\/?page_id=109"},"modified":"2020-11-24T13:04:44","modified_gmt":"2020-11-24T13:04:44","slug":"tarifs-ete-2012","status":"publish","type":"page","link":"https:\/\/arcs1800location.fr\/?page_id=109","title":{"rendered":"TARIFS ETE 2021"},"content":{"rendered":"<p style=\"text-align: justify;\">Vous trouverez ci-dessous le planning, mis \u00e0 jour r\u00e9guli\u00e8rement, des tarifs de location ainsi que les disponibilit\u00e9s, pour la saison \u00e9t\u00e9 2021.<\/p>\n<p style=\"text-align: justify;\">La location prend effet du\u00a0DIMANCHE 17 heures au\u00a0DIMANCHE suivant 10 heures. En \u00e9t\u00e9 la location peut s&rsquo;effectuer du Samedi au Samedi.<\/p>\n<p style=\"text-align: justify;\">Une place de parking couverte priv\u00e9e est incluse.<\/p>\n<p>L&rsquo;intervention de notre femme de m\u00e9nage en fin de s\u00e9jour.<\/p>\n<p style=\"text-align: justify;\">Ces tarifs ne comprennent pas la location de draps, ni la taxe de s\u00e9jour \u00a0(1 \/ jour \/ pers &gt; 12 ans)<\/p>\n<div style=\"text-align: justify;\"><\/div>\n<table border=\"0\">\n<tbody>\n<tr style=\"background-color: #ffffff;\">\n<td style=\"background-color: #f4f4f4;\" colspan=\"4\" valign=\"center\">\n<h2 style=\"text-align: center;\"><span style=\"color: #333333;\"><strong>JUILLET 2021<\/strong><\/span><\/h2>\n<\/td>\n<\/tr>\n<tr style=\"background-color: #494949;\">\n<td style=\"text-align: center; width: 150px; height: 30px; background-color: #858585; border: 1px solid #858585;\"><span style=\"color: #ffffff;\"><strong>DATES<\/strong><\/span><\/td>\n<td style=\"text-align: center; width: 70px; height: 30px; background-color: #858585; border: 1px solid #858585;\"><span style=\"color: #ffffff;\"><strong>TARIFS<\/strong><\/span><\/td>\n<td style=\"text-align: center; width: 200px; height: 30px; background-color: #858585; border: 1px solid #858585;\"><span style=\"color: #ffffff;\"><strong>EVENEMENTS<\/strong><\/span><\/td>\n<td style=\"text-align: center; width: 140px; height: 30px; background-color: #858585; border: 1px solid #858585;\"><span style=\"color: #ffffff;\"><strong>ETAT<\/strong><\/span><\/td>\n<\/tr>\n<tr style=\"background-color: #cccccc;\">\n<td style=\"width: 120px; height: 25px; background-color: #cccccc; text-align: center; border: 1px solid #858585;\"><b><span style=\"color: #003001;\">3 au 10 juillet<\/span><\/b><\/td>\n<td style=\"width: 70px; height: 25px; background-color: #cccccc; text-align: center; border: 1px solid #858585;\"><strong><span style=\"color: #993366;\">550<\/span><\/strong><\/td>\n<td style=\"width: 200px; height: 25px; background-color: #cccccc; text-align: center; border: 1px solid #858585;\"><\/td>\n<td style=\"width: 140px; height: 25px; background-color: #cccccc; text-align: center; border: 1px solid #858585;\"><strong><span style=\"color: #993366;\">DISPONIBLE<\/span><\/strong><\/td>\n<\/tr>\n<tr style=\"background-color: #cccccc;\">\n<td style=\"width: 120px; height: 25px; background-color: #cccccc; text-align: center; border: 1px solid #858585;\"><strong><span style=\"color: #993366;\">10 au 17 juillet<\/span><\/strong><\/td>\n<td style=\"width: 70px; height: 25px; background-color: #cccccc; text-align: center; border: 1px solid #858585;\">600<\/td>\n<td style=\"text-align: center; background-color: #cccccc; width: 200px; height: 25px; border: 1px solid #858585;\"><\/td>\n<td style=\"width: 140px; height: 25px; background-color: #cccccc; text-align: center; border: 1px solid #858585;\"><strong><span style=\"color: #993366;\">DISPONIBLE<\/span><\/strong><\/td>\n<\/tr>\n<tr style=\"background-color: #cccccc;\">\n<td style=\"width: 120px; height: 25px; background-color: #cccccc; text-align: center; border: 1px solid #858585;\"><strong><span style=\"color: #993366;\"><span style=\"text-decoration: underline;\">17 au 24 juillet<\/span><\/span><\/strong><\/td>\n<td style=\"width: 70px; height: 25px; background-color: #cccccc; text-align: center; border: 1px solid #858585;\">600<\/td>\n<td style=\"width: 200px; height: 25px; background-color: #cccccc; text-align: center; border: 1px solid #858585;\"><strong><span style=\"color: #993366;\">\u00a0<\/span><\/strong><\/td>\n<td style=\"width: 140px; height: 25px; background-color: #cccccc; text-align: center; border: 1px solid #858585;\"><strong><span style=\"color: #993366;\">DISPONIBLE<\/span><\/strong><\/td>\n<\/tr>\n<tr style=\"background-color: #cccccc;\">\n<td style=\"width: 120px; height: 25px; background-color: #cccccc; text-align: center; border: 1px solid #858585;\"><strong><span style=\"color: #993366;\"><span style=\"text-decoration: underline;\">24 au 31 juillet<\/span><\/span><\/strong><\/td>\n<td style=\"width: 70px; height: 25px; background-color: #cccccc; text-align: center; border: 1px solid #858585;\">650<\/td>\n<td style=\"width: 200px; height: 25px; background-color: #cccccc; text-align: center; border: 1px solid #858585;\"><strong><span style=\"color: #993366;\">\u00a0<\/span><\/strong><\/td>\n<td style=\"width: 140px; height: 25px; background-color: #cccccc; text-align: center; border: 1px solid #858585;\"><strong><span style=\"color: #993366;\">DISPONIBLE<\/span><\/strong><\/td>\n<\/tr>\n<tr style=\"background-color: #ffffff;\">\n<td style=\"background-color: #f4f4f4;\" colspan=\"4\" valign=\"center\">\n<h2 style=\"text-align: center;\"><strong><span style=\"color: #993366;\">AOUT 2021<\/span><\/strong><\/h2>\n<\/td>\n<\/tr>\n<tr style=\"background-color: #494949;\">\n<td style=\"text-align: center; width: 120px; height: 30px; background-color: #858585; border: 1px solid #858585;\" align=\"center\" valign=\"center\"><strong><span style=\"color: #993366;\">DATES<\/span><\/strong><\/td>\n<td style=\"text-align: center; width: 70px; height: 30px; background-color: #858585; border: 1px solid #858585;\" align=\"center\" valign=\"center\"><strong><span style=\"color: #993366;\">TARIFS<\/span><\/strong><\/td>\n<td style=\"text-align: center; width: 200px; height: 30px; background-color: #858585; border: 1px solid #858585;\" align=\"center\" valign=\"center\"><strong><span style=\"color: #993366;\">EVENEMENTS<\/span><\/strong><\/td>\n<td style=\"text-align: center; width: 140px; height: 30px; background-color: #858585; border: 1px solid #858585;\" align=\"center\" valign=\"center\"><strong><span style=\"color: #993366;\">ETAT<\/span><\/strong><\/td>\n<\/tr>\n<tr style=\"background-color: #cccccc;\">\n<td style=\"width: 120px; height: 25px; background-color: #cccccc; border: 1px solid #858585;\" align=\"center\" valign=\"center\"><strong><span style=\"color: #993366;\"><span style=\"text-decoration: underline;\">\u00a031 juillet au 7\u00a0 aout<\/span><\/span><\/strong><\/td>\n<td style=\"width: 70px; height: 25px; background-color: #cccccc; border: 1px solid #858585;\" align=\"center\" valign=\"center\">650<\/td>\n<td style=\"width: 200px; height: 25px; background-color: #cccccc; border: 1px solid #858585;\" align=\"center\" valign=\"center\"><strong><span style=\"color: #993366;\"><span style=\"text-decoration: underline;\">\u00a0<\/span><\/span><\/strong><\/td>\n<td style=\"width: 140px; height: 25px; background-color: #cccccc; border: 1px solid #858585;\" align=\"center\" valign=\"center\"><strong><span style=\"color: #993366;\">DISPONIBLE<\/span><\/strong><\/td>\n<\/tr>\n<tr style=\"background-color: #cccccc;\">\n<td style=\"width: 120px; height: 25px; background-color: #cccccc; border: 1px solid #858585;\" align=\"center\" valign=\"center\"><strong><span style=\"color: #993366;\"><u>7\u00a0 au 14 aout<\/u><\/span><\/strong><\/td>\n<td style=\"width: 70px; height: 25px; background-color: #cccccc; border: 1px solid #858585;\" align=\"center\" valign=\"center\">600<\/td>\n<td style=\"width: 200px; height: 25px; background-color: #cccccc; border: 1px solid #858585;\" align=\"center\" valign=\"center\"><strong><span style=\"color: #993366;\"><span style=\"text-decoration: underline;\">\u00a0<\/span><\/span><\/strong><\/td>\n<td style=\"width: 140px; height: 25px; background-color: #cccccc; border: 1px solid #858585;\" align=\"center\" valign=\"center\"><strong><span style=\"color: #993366;\">DISPONIBLE<\/span><\/strong><\/td>\n<\/tr>\n<tr style=\"background-color: #cccccc;\">\n<td style=\"width: 120px; height: 25px; background-color: #cccccc; border: 1px solid #858585;\" align=\"center\" valign=\"center\"><strong><span style=\"color: #993366;\">\u00a014 au 21 aout<\/span><\/strong><\/td>\n<td style=\"width: 70px; height: 25px; background-color: #cccccc; border: 1px solid #858585;\" align=\"center\" valign=\"center\"><strong><span style=\"color: #993366;\">600<\/span><\/strong><\/td>\n<td style=\"width: 200px; height: 25px; background-color: #cccccc; border: 1px solid #858585;\" align=\"center\" valign=\"center\"><strong><span style=\"color: #993366;\">\u00a0<\/span><\/strong><\/td>\n<td style=\"width: 140px; height: 25px; background-color: #cccccc; border: 1px solid #858585;\" align=\"center\" valign=\"center\"><strong><span style=\"color: #993366;\">DISPONIBLE<\/span><\/strong><\/td>\n<\/tr>\n<tr style=\"background-color: #cccccc;\">\n<td style=\"width: 120px; height: 25px; background-color: #cccccc; border: 1px solid #858585;\" align=\"center\" valign=\"center\"><strong><span style=\"color: #993366;\">21 au 28\u00a0 aout<\/span><\/strong><\/td>\n<td style=\"width: 70px; height: 25px; background-color: #cccccc; border: 1px solid #858585;\" align=\"center\" valign=\"center\">550<\/td>\n<td style=\"width: 200px; height: 25px; background-color: #cccccc; border: 1px solid #858585;\" align=\"center\" valign=\"center\"><\/td>\n<td style=\"width: 140px; height: 25px; background-color: #cccccc; border: 1px solid #858585;\" align=\"center\" valign=\"center\"><span style=\"color: #800080;\"><strong>DISPONIBLE<\/strong><\/span><\/td>\n<\/tr>\n<\/tbody>\n<\/table>\n","protected":false},"excerpt":{"rendered":"<p>Vous trouverez ci-dessous le planning, mis \u00e0 jour r\u00e9guli\u00e8rement, des tarifs de location ainsi que les disponibilit\u00e9s, pour la saison [&hellip;]<\/p>\n","protected":false},"author":1,"featured_media":0,"parent":105,"menu_order":0,"comment_status":"closed","ping_status":"closed","template":"","meta":{"footnotes":""},"class_list":["post-109","page","type-page","status-publish","hentry"],"_links":{"self":[{"href":"https:\/\/arcs1800location.fr\/index.php?rest_route=\/wp\/v2\/pages\/109","targetHints":{"allow":["GET"]}}],"collection":[{"href":"https:\/\/arcs1800location.fr\/index.php?rest_route=\/wp\/v2\/pages"}],"about":[{"href":"https:\/\/arcs1800location.fr\/index.php?rest_route=\/wp\/v2\/types\/page"}],"author":[{"embeddable":true,"href":"https:\/\/arcs1800location.fr\/index.php?rest_route=\/wp\/v2\/users\/1"}],"replies":[{"embeddable":true,"href":"https:\/\/arcs1800location.fr\/index.php?rest_route=%2Fwp%2Fv2%2Fcomments&post=109"}],"version-history":[{"count":62,"href":"https:\/\/arcs1800location.fr\/index.php?rest_route=\/wp\/v2\/pages\/109\/revisions"}],"predecessor-version":[{"id":1204,"href":"https:\/\/arcs1800location.fr\/index.php?rest_route=\/wp\/v2\/pages\/109\/revisions\/1204"}],"up":[{"embeddable":true,"href":"https:\/\/arcs1800location.fr\/index.php?rest_route=\/wp\/v2\/pages\/105"}],"wp:attachment":[{"href":"https:\/\/arcs1800location.fr\/index.php?rest_route=%2Fwp%2Fv2%2Fmedia&parent=109"}],"curies":[{"name":"wp","href":"https:\/\/api.w.org\/{rel}","templated":true}]}}