{"id":107,"date":"2012-06-08T17:28:48","date_gmt":"2012-06-08T17:28:48","guid":{"rendered":"http:\/\/arcs1800location.fr\/?page_id=107"},"modified":"2018-09-02T09:09:29","modified_gmt":"2018-09-02T09:09:29","slug":"modalites","status":"publish","type":"page","link":"https:\/\/arcs1800location.fr\/?page_id=107","title":{"rendered":"MODALITES"},"content":{"rendered":"<h2><span style=\"color: #999999; text-decoration: underline;\"><em><strong>Modalit\u00e9s de r\u00e9servation<\/strong><\/em><\/span><\/h2>\n<p>Vous avez \u00e9t\u00e9 s\u00e9duits par notre duplex et vous souhaitez le pr\u00e9-r\u00e9server&#8230;<\/p>\n<p>Apr\u00e8s un contact t\u00e9l\u00e9phonique, vous nous adressez une demande de r\u00e9servation par courriel en pr\u00e9cisant les dates souhait\u00e9es ainsi que le nombre d&rsquo;occupants (adultes et enfants).<\/p>\n<p>Nous vous adresserons alors le contrat de location par retour de mail. Vous disposerez alors de 8 jours pour\u00a0nous\u00a0faire parvenir les arrhes et le contrat d\u00fbment rempli.<\/p>\n<p>**********<\/p>\n<p><strong>EXTRAIT DES CONDITIONS DE LOCATION<br \/>\n<\/strong><\/p>\n<p>Le loyer annonc\u00e9 comprend :<\/p>\n<ul>\n<li>la location de l\u2019appartement,<\/li>\n<li>la location d&rsquo;un cellier\/casier \u00e0 skis,<\/li>\n<li>la mise \u00e0 disposition d\u2019une place de stationnement privative couverte au parking des Villards .<\/li>\n<li>Prestation m\u00e9nage de fin de s\u00e9jour<\/li>\n<\/ul>\n<p>Le loyer ne comprend pas :<\/p>\n<ul style=\"list-style-type: disc;\">\n<li>La taxe de s\u00e9jour (0,80 euros par personne de plus de 12 ans),<\/li>\n<\/ul>\n<div>Pour \u00e9viter les bouchons, la location prend effet du DIMANCHE 17 heures au DIMANCHE suivant 10 heures pendant la saison d\u2019hiver.<\/div>\n<div><\/div>\n<div>La location des draps\u00a0 et du linge de toilette n&rsquo;est pas comprise, toutefois des possibilit\u00e9s existent\u00a0 aux arcs 1800.<\/div>\n<div>Contactez-nous pour davantage d\u2019informations.<\/div>\n<div><\/div>\n<div>**********<\/div>\n<p>La r\u00e9servation est valid\u00e9e \u00e0 r\u00e9ception du contrat de location sign\u00e9 et du r\u00e8glement des Arrhes :<strong>\u00a030 % du montant du loyer qui seront encaiss\u00e9s par le loueur.<br \/>\n<\/strong><\/p>\n<p>Le solde du Loyer doit \u00eatre r\u00e9gl\u00e9 dans le mois pr\u00e9c\u00e9dant la date d\u2019entr\u00e9e dans les lieux.<\/p>\n<p>Si la r\u00e9servation a lieu moins de 30 jours avant le d\u00e9but du s\u00e9jour la totalit\u00e9 de la somme doit \u00eatre vers\u00e9e lors de la r\u00e9servation.<\/p>\n<p><strong>Le solde<\/strong>, ainsi qu\u2019un <strong>d\u00e9p\u00f4t de garantie<\/strong> de 1500 euros (par ch\u00e8que non encaiss\u00e9)\u00a0 \u00a0devront \u00eatre vers\u00e9s <strong>30 \u00a0jours<\/strong> avant\u00a0 le d\u00e9but du s\u00e9jour.<\/p>\n","protected":false},"excerpt":{"rendered":"<p>Modalit\u00e9s de r\u00e9servation Vous avez \u00e9t\u00e9 s\u00e9duits par notre duplex et vous souhaitez le pr\u00e9-r\u00e9server&#8230; Apr\u00e8s un contact t\u00e9l\u00e9phonique, vous [&hellip;]<\/p>\n","protected":false},"author":1,"featured_media":0,"parent":105,"menu_order":0,"comment_status":"closed","ping_status":"closed","template":"","meta":{"footnotes":""},"class_list":["post-107","page","type-page","status-publish","hentry"],"_links":{"self":[{"href":"https:\/\/arcs1800location.fr\/index.php?rest_route=\/wp\/v2\/pages\/107","targetHints":{"allow":["GET"]}}],"collection":[{"href":"https:\/\/arcs1800location.fr\/index.php?rest_route=\/wp\/v2\/pages"}],"about":[{"href":"https:\/\/arcs1800location.fr\/index.php?rest_route=\/wp\/v2\/types\/page"}],"author":[{"embeddable":true,"href":"https:\/\/arcs1800location.fr\/index.php?rest_route=\/wp\/v2\/users\/1"}],"replies":[{"embeddable":true,"href":"https:\/\/arcs1800location.fr\/index.php?rest_route=%2Fwp%2Fv2%2Fcomments&post=107"}],"version-history":[{"count":11,"href":"https:\/\/arcs1800location.fr\/index.php?rest_route=\/wp\/v2\/pages\/107\/revisions"}],"predecessor-version":[{"id":1018,"href":"https:\/\/arcs1800location.fr\/index.php?rest_route=\/wp\/v2\/pages\/107\/revisions\/1018"}],"up":[{"embeddable":true,"href":"https:\/\/arcs1800location.fr\/index.php?rest_route=\/wp\/v2\/pages\/105"}],"wp:attachment":[{"href":"https:\/\/arcs1800location.fr\/index.php?rest_route=%2Fwp%2Fv2%2Fmedia&parent=107"}],"curies":[{"name":"wp","href":"https:\/\/api.w.org\/{rel}","templated":true}]}}